{"id":5,"date":"2016-08-12T07:12:18","date_gmt":"2016-08-12T07:12:18","guid":{"rendered":"https:\/\/joseluiscalderon.es\/?page_id=5"},"modified":"2025-04-02T07:19:24","modified_gmt":"2025-04-02T07:19:24","slug":"quienes-somos","status":"publish","type":"page","link":"https:\/\/joseluiscalderon.es\/?page_id=5","title":{"rendered":"\u00bfQUI\u00c9N SOY?"},"content":{"rendered":"<div id=\"pl-5\"  class=\"panel-layout\" ><div id=\"pg-5-0\"  class=\"panel-grid panel-no-style\" ><div id=\"pgc-5-0-0\"  class=\"panel-grid-cell\" ><div id=\"panel-5-0-0-0\" class=\"so-panel widget widget_sow-image panel-first-child panel-last-child\" data-index=\"0\" ><div\n\t\t\t\n\t\t\tclass=\"so-widget-sow-image so-widget-sow-image-default-4b231843ec72-5\"\n\t\t\t\n\t\t>\n\n<div class=\"sow-image-container\">\n\t\t<img decoding=\"async\" src=\"https:\/\/joseluiscalderon.es\/wp-content\/uploads\/2016\/08\/Captura-de-pantalla-2016-08-12-a-las-11.07.04.png\" width=\"620\" height=\"742\" srcset=\"https:\/\/joseluiscalderon.es\/wp-content\/uploads\/2016\/08\/Captura-de-pantalla-2016-08-12-a-las-11.07.04.png 620w, https:\/\/joseluiscalderon.es\/wp-content\/uploads\/2016\/08\/Captura-de-pantalla-2016-08-12-a-las-11.07.04-251x300.png 251w\" sizes=\"(max-width: 620px) 100vw, 620px\" title=\"Captura de pantalla 2016-08-12 a las 11.07.04\" alt=\"\" loading=\"lazy\" \t\tclass=\"so-widget-image\"\/>\n\t<\/div>\n\n<\/div><\/div><\/div><div id=\"pgc-5-0-1\"  class=\"panel-grid-cell\" ><div id=\"panel-5-0-1-0\" class=\"so-panel widget widget_sow-editor panel-first-child panel-last-child\" data-index=\"1\" ><div\n\t\t\t\n\t\t\tclass=\"so-widget-sow-editor so-widget-sow-editor-base\"\n\t\t\t\n\t\t>\n<div class=\"siteorigin-widget-tinymce textwidget\">\n\t<p>Mi nombre es Jos\u00e9 Luis Calder\u00f3n Jim\u00e9nez. Soy Licenciado en Derecho por la Universidad Complutense de Madrid desde 1997. Actualmente ejerzo la abogac\u00eda en la localidad malague\u00f1a de Marbella.<\/p>\n<p>Adem\u00e1s de mis labores legales, tambi\u00e9n soy colaborador en varias asociaciones locales, como <a href=\"http:\/\/www.aspandem.org\" target=\"_blank\" rel=\"noopener\"><strong>Aspandem<\/strong><\/a> y <strong><a href=\"http:\/\/www.fundatul.org.es\" target=\"_blank\" rel=\"noopener\">Fundatul<\/a>.<\/strong><\/p>\n<p>He sido miembro de <a href=\"http:\/\/www.apymespa.org\/home\/\" target=\"_blank\" rel=\"noopener\"><strong>Apymespa<\/strong><\/a>,, La Asociaci\u00f3n de la Peque\u00f1a y Mediana Empresa de San Pedro Alc\u00e1ntara, en calidad de Secretario.<\/p>\n<\/div>\n<\/div><\/div><\/div><\/div><div id=\"pg-5-1\"  class=\"panel-grid panel-no-style\" ><div id=\"pgc-5-1-0\"  class=\"panel-grid-cell\" ><div id=\"panel-5-1-0-0\" class=\"so-panel widget widget_sow-editor panel-first-child panel-last-child\" data-index=\"2\" ><div\n\t\t\t\n\t\t\tclass=\"so-widget-sow-editor so-widget-sow-editor-base\"\n\t\t\t\n\t\t>\n<div class=\"siteorigin-widget-tinymce textwidget\">\n\t<p>Desde mi\u00a0despacho de abogados en Marbella y San Pedro Alc\u00e1ntara\u00a0ofrezco\u00a0asesoramiento en materias legal sobre comunidades de propietarios, arrendamientos, incapacitaciones y tutelas, abogado procesalista civil.<\/p>\n<\/div>\n<\/div><\/div><\/div><\/div><\/div>","protected":false},"excerpt":{"rendered":"<p>Mi nombre es Jos\u00e9 Luis Calder\u00f3n Jim\u00e9nez. Soy Licenciado en Derecho por la Universidad Complutense de Madrid desde 1997. Actualmente ejerzo la abogac\u00eda en la localidad malague\u00f1a de Marbella. Adem\u00e1s de mis labores legales, tambi\u00e9n soy colaborador en varias asociaciones locales, como Aspandem y Fundatul. He sido miembro de Apymespa,, La Asociaci\u00f3n de la Peque\u00f1a [&hellip;]<\/p>\n","protected":false},"author":1,"featured_media":0,"parent":0,"menu_order":0,"comment_status":"closed","ping_status":"closed","template":"full-width-page.php","meta":{"footnotes":""},"_links":{"self":[{"href":"https:\/\/joseluiscalderon.es\/index.php?rest_route=\/wp\/v2\/pages\/5"}],"collection":[{"href":"https:\/\/joseluiscalderon.es\/index.php?rest_route=\/wp\/v2\/pages"}],"about":[{"href":"https:\/\/joseluiscalderon.es\/index.php?rest_route=\/wp\/v2\/types\/page"}],"author":[{"embeddable":true,"href":"https:\/\/joseluiscalderon.es\/index.php?rest_route=\/wp\/v2\/users\/1"}],"replies":[{"embeddable":true,"href":"https:\/\/joseluiscalderon.es\/index.php?rest_route=%2Fwp%2Fv2%2Fcomments&post=5"}],"version-history":[{"count":10,"href":"https:\/\/joseluiscalderon.es\/index.php?rest_route=\/wp\/v2\/pages\/5\/revisions"}],"predecessor-version":[{"id":106,"href":"https:\/\/joseluiscalderon.es\/index.php?rest_route=\/wp\/v2\/pages\/5\/revisions\/106"}],"wp:attachment":[{"href":"https:\/\/joseluiscalderon.es\/index.php?rest_route=%2Fwp%2Fv2%2Fmedia&parent=5"}],"curies":[{"name":"wp","href":"https:\/\/api.w.org\/{rel}","templated":true}]}}